{"id":4280,"date":"2017-04-12T12:48:31","date_gmt":"2017-04-12T12:48:31","guid":{"rendered":"http:\/\/mixtape.select-themes.com\/?page_id=4280"},"modified":"2020-03-11T06:51:00","modified_gmt":"2020-03-11T06:51:00","slug":"main-dropdowns-s","status":"publish","type":"page","link":"https:\/\/picabol.com\/","title":{"rendered":"INICIO"},"content":{"rendered":"<p>[vc_row css=&#8221;.vc_custom_1493128807860{background-image: url(http:\/\/mixtape.select-themes.com\/wp-content\/uploads\/2016\/09\/mixtape-sliders-backround.jpg?id=5714) !important;}&#8221;][vc_column][rev_slider_vc alias=&#8221;picabol&#8221;][\/vc_column][\/vc_row][vc_row content_width=&#8221;grid&#8221; content_aligment=&#8221;center&#8221; css=&#8221;.vc_custom_1497899144824{padding-top: 62px !important;padding-bottom: 100px !important;background-color: #000000 !important;}&#8221;][vc_column][vc_empty_space height=&#8221;15px&#8221;][vc_column_text]<\/p>\n<h2 style=\"text-align: center;\"><span style=\"color: #f1f1f1;\">Cuidamos al m\u00e1ximo la calidad de nuestras berries<\/span><\/h2>\n<p>[\/vc_column_text][vc_empty_space][\/vc_column][\/vc_row][vc_row][vc_column][vc_row_inner content_width=&#8221;grid&#8221; css=&#8221;.vc_custom_1497889291193{padding-top: -20px !important;}&#8221;][vc_column_inner width=&#8221;1\/2&#8243;][vc_single_image image=&#8221;8683&#8243; img_size=&#8221;full&#8221; alignment=&#8221;center&#8221; onclick=&#8221;custom_link&#8221; css=&#8221;.vc_custom_1497890109511{margin-top: -125px !important;}&#8221; link=&#8221;http:\/\/picabol.com\/picabol\/fresas&#8221;][vc_empty_space height=&#8221;10px&#8221;][vc_column_text]<\/p>\n<h2 style=\"text-align: center;\"><span style=\"color: #d70101;\">Fresas<\/span><\/h2>\n<p>[\/vc_column_text][\/vc_column_inner][vc_column_inner width=&#8221;1\/2&#8243;][vc_single_image image=&#8221;8690&#8243; img_size=&#8221;full&#8221; alignment=&#8221;center&#8221; onclick=&#8221;custom_link&#8221; css=&#8221;.vc_custom_1497898731947{margin-top: -125px !important;}&#8221; link=&#8221;http:\/\/picabol.com\/picabol\/arandanos&#8221;][vc_empty_space height=&#8221;10px&#8221;][vc_column_text]<\/p>\n<h2 style=\"text-align: center;\"><span style=\"color: #330473;\">Ar\u00e1ndanos<\/span><\/h2>\n<p>[\/vc_column_text][\/vc_column_inner][\/vc_row_inner][\/vc_column][\/vc_row][vc_row][vc_column][vc_empty_space height=&#8221;62px&#8221;][\/vc_column][\/vc_row][vc_row][vc_column offset=&#8221;vc_col-lg-6 vc_col-md-6&#8243; css=&#8221;.vc_custom_1494338502276{padding-right: 0px !important;padding-left: 0px !important;}&#8221;][vc_single_image image=&#8221;8904&#8243; img_size=&#8221;full&#8221;][\/vc_column][vc_column offset=&#8221;vc_col-lg-6 vc_col-md-6&#8243; css=&#8221;.vc_custom_1494338506925{padding-right: 0px !important;padding-left: 0px !important;}&#8221;]<div class=\"qodef-elements-holder qodef-responsive-mode-768\" ><div class=\"qodef-elements-holder-item \" data-item-class=\"qodef-elements-holder-custom-152145\" data-1280-1440=\"0% 10% 0% 10%\" data-1024-1280=\"0% 10% 0% 10%\" data-768-1024=\"0% 5% 0% 10%\" data-600-768=\"0% 5% 0% 10%\" data-480-600=\"0% 5% 0% 10%\" data-480=\"0% 5% 0% 10%\" >\n\t<div class=\"qodef-elements-holder-item-inner\">\n\t\t<div class=\"qodef-elements-holder-item-content qodef-elements-holder-custom-152145\" style=\"padding: 0% 10% 0% 10%\">\n\t\t\t[vc_empty_space height=&#8221;130px&#8221;][vc_column_text]<\/p>\n<h1><span style=\"color: #000000;\">Sabor a berries<\/span><\/h1>\n<p>[\/vc_column_text]<div class=\"qodef-separator-holder clearfix  qodef-separator-left\">\n\t<div class=\"qodef-separator\" style=\"border-color: #000000;width: 32px;border-bottom-width: 6px;margin-top: 22px;margin-bottom: 35px\"><\/div>\n<\/div>\n[vc_column_text]<span style=\"color: #a0a0a0;\">Las mejores berries, requieren el m\u00e1ximo cuidado. Es por eso que en PICABOL cuidamos a diario de nuestras\u00a0fresas\u00a0y ar\u00e1ndanos, desde que comienzan a brotar en nuestros campos hasta que son expuestas en los lineales de las principales zonas comerciales de Europa. Para impulsar todo este trabajo de comercializaci\u00f3n y exportaci\u00f3n de nuestras fresas y ar\u00e1ndanos PICABOL forma parte de la Cooperativa FRUTA DE ANDALUC\u00cdA, uno de los operadores claves dentro del sector de los Frutos Rojos de la provincia de Huelva. <\/span><\/p>\n<p><span style=\"color: #a0a0a0;\">Todo este proceso es llevado a cabo de forma minuciosa, para que la calidad no var\u00ede y se mantenga intacta, y as\u00ed los consumidores puedan disfrutar plenamente de todas las propiedades naturales de la mejor fruta y su inigualable sabor, como si estuviera reci\u00e9n recolectada.<\/span>[\/vc_column_text]\t\t<\/div>\n\t<\/div>\n<\/div><\/div>[\/vc_column][\/vc_row][vc_row content_aligment=&#8221;center&#8221; css=&#8221;.vc_custom_1505589408489{padding-top: 130px !important;padding-bottom: 121px !important;background-image: url(http:\/\/picabol.com\/wp-content\/uploads\/2017\/04\/negro-home.jpg?id=8879) !important;background-position: center !important;background-repeat: no-repeat !important;background-size: cover !important;}&#8221;][vc_column css=&#8221;.vc_custom_1497895471943{padding-top: 131px !important;padding-bottom: 120px !important;}&#8221;][\/vc_column][\/vc_row][vc_row][vc_column offset=&#8221;vc_col-lg-6 vc_col-md-6&#8243; css=&#8221;.vc_custom_1494338502276{padding-right: 0px !important;padding-left: 0px !important;}&#8221;]<div class=\"qodef-elements-holder qodef-responsive-mode-768\" ><div class=\"qodef-elements-holder-item \" data-item-class=\"qodef-elements-holder-custom-846907\" data-1280-1440=\"0% 10% 0% 20%\" data-1024-1280=\"0% 10% 0% 20%\" data-768-1024=\"0% 5% 0% 10%\" data-600-768=\"0% 5% 0% 10%\" data-480-600=\"0% 5% 0% 10%\" data-480=\"0% 5% 0% 10%\" >\n\t<div class=\"qodef-elements-holder-item-inner\">\n\t\t<div class=\"qodef-elements-holder-item-content qodef-elements-holder-custom-846907\" style=\"padding: 0% 10% 0% 20%\">\n\t\t\t[vc_empty_space height=&#8221;130px&#8221;][vc_column_text]<\/p>\n<h1><span style=\"color: #000000;\">Siempre innovando<\/span><\/h1>\n<p>[\/vc_column_text]<div class=\"qodef-separator-holder clearfix  qodef-separator-left\">\n\t<div class=\"qodef-separator\" style=\"border-color: #000000;width: 32px;border-bottom-width: 6px;margin-top: 22px;margin-bottom: 35px\"><\/div>\n<\/div>\n[vc_column_text]<span style=\"color: #a0a0a0;\">PICABOL siempre apuesta por la innovaci\u00f3n. Prueba de ello es la puesta en marcha de un novedoso sistema de envasado totalmente automatizado que permite acortar los tiempos de preparaci\u00f3n de pedidos, y que nuestras berries lleguen mucho antes a los consumidores.<\/span><\/p>\n<p><span style=\"color: #a0a0a0;\">Tambi\u00e9n apostamos por la utilizaci\u00f3n de nuevos y originales envases que facilitan el consumo de nuestras berries. Envases que permiten disfrutarlas en cualquier lugar y a cualquier hora, y que son una total apuesta hacia un modo de vida totalmente\u00a0ecol\u00f3gico y natural.<\/span>[\/vc_column_text]\t\t<\/div>\n\t<\/div>\n<\/div><\/div>[\/vc_column][vc_column offset=&#8221;vc_col-lg-6 vc_col-md-6&#8243; css=&#8221;.vc_custom_1494338506925{padding-right: 0px !important;padding-left: 0px !important;}&#8221;][vc_single_image image=&#8221;8866&#8243; img_size=&#8221;full&#8221; alignment=&#8221;right&#8221;][\/vc_column][\/vc_row][vc_row content_aligment=&#8221;center&#8221; css=&#8221;.vc_custom_1505589408489{padding-top: 130px !important;padding-bottom: 121px !important;background-image: url(http:\/\/picabol.com\/wp-content\/uploads\/2017\/04\/negro-home.jpg?id=8879) !important;background-position: center !important;background-repeat: no-repeat !important;background-size: cover !important;}&#8221;][vc_column css=&#8221;.vc_custom_1497895471943{padding-top: 131px !important;padding-bottom: 120px !important;}&#8221;][\/vc_column][\/vc_row][vc_row][vc_column offset=&#8221;vc_col-lg-6 vc_col-md-6&#8243; css=&#8221;.vc_custom_1494338502276{padding-right: 0px !important;padding-left: 0px !important;}&#8221;][vc_single_image image=&#8221;9109&#8243; img_size=&#8221;full&#8221;][\/vc_column][vc_column offset=&#8221;vc_col-lg-6 vc_col-md-6&#8243; css=&#8221;.vc_custom_1494338506925{padding-right: 0px !important;padding-left: 0px !important;}&#8221;]<div class=\"qodef-elements-holder qodef-responsive-mode-768\" ><div class=\"qodef-elements-holder-item \" data-item-class=\"qodef-elements-holder-custom-280503\" data-1280-1440=\"0% 10% 0% 10%\" data-1024-1280=\"0% 10% 0% 10%\" data-768-1024=\"0% 5% 0% 10%\" data-600-768=\"0% 5% 0% 10%\" data-480-600=\"0% 5% 0% 10%\" data-480=\"0% 5% 0% 10%\" >\n\t<div class=\"qodef-elements-holder-item-inner\">\n\t\t<div class=\"qodef-elements-holder-item-content qodef-elements-holder-custom-280503\" style=\"padding: 0% 10% 0% 10%\">\n\t\t\t[vc_empty_space height=&#8221;130px&#8221;][vc_column_text]<\/p>\n<h1><span style=\"color: #000000;\">Integrados en Fruta de Andaluc\u00eda<\/span><\/h1>\n<p>[\/vc_column_text]<div class=\"qodef-separator-holder clearfix  qodef-separator-left\">\n\t<div class=\"qodef-separator\" style=\"border-color: #000000;width: 32px;border-bottom-width: 6px;margin-top: 22px;margin-bottom: 35px\"><\/div>\n<\/div>\n[vc_column_text]<span style=\"color: #a0a0a0;\">PICABOL est\u00e1 integrada dentro de FRUTA DE ANDALUC\u00cdA una sociedad cooperativa que naci\u00f3 a finales de 2014 de la uni\u00f3n de productores del sector agroalimentario de la provincia de Huelva que decidieron sumar esfuerzos para situarse en los mercados tradicionales y emergentes con m\u00e1s fuerza. Gracias a esto FRUTA DE ANDALUC\u00cdA es una de las empresas l\u00edderes en la producci\u00f3n y comercializaci\u00f3n de frutos rojos gracias a sus 1.200 hect\u00e1reas de producci\u00f3n y una facturaci\u00f3n que supera los 100 millones de euros. Los frutos rojos que comercializa y exporta FRUTA DE ANDALUC\u00cdA llegan a m\u00e1s de 30 pa\u00edses.<\/span>[\/vc_column_text]\t\t<\/div>\n\t<\/div>\n<\/div><\/div>[\/vc_column][\/vc_row]<\/p>\n","protected":false},"excerpt":{"rendered":"<p>[vc_row css=&#8221;.vc_custom_1493128807860{background-image: url(http:\/\/mixtape.select-themes.com\/wp-content\/uploads\/2016\/09\/mixtape-sliders-backround.jpg?id=5714) !important;}&#8221;][vc_column][rev_slider_vc alias=&#8221;picabol&#8221;][\/vc_column][\/vc_row][vc_row content_width=&#8221;grid&#8221; content_aligment=&#8221;center&#8221; css=&#8221;.vc_custom_1497899144824{padding-top: 62px !important;padding-bottom: 100px !important;background-color: #000000 !important;}&#8221;][vc_column][vc_empty_space height=&#8221;15px&#8221;][vc_column_text] Cuidamos al m\u00e1ximo la calidad&#8230;<\/p>\n","protected":false},"author":2,"featured_media":0,"parent":0,"menu_order":0,"comment_status":"closed","ping_status":"closed","template":"full-width.php","meta":[],"_links":{"self":[{"href":"https:\/\/picabol.com\/index.php?rest_route=\/wp\/v2\/pages\/4280"}],"collection":[{"href":"https:\/\/picabol.com\/index.php?rest_route=\/wp\/v2\/pages"}],"about":[{"href":"https:\/\/picabol.com\/index.php?rest_route=\/wp\/v2\/types\/page"}],"author":[{"embeddable":true,"href":"https:\/\/picabol.com\/index.php?rest_route=\/wp\/v2\/users\/2"}],"replies":[{"embeddable":true,"href":"https:\/\/picabol.com\/index.php?rest_route=%2Fwp%2Fv2%2Fcomments&post=4280"}],"version-history":[{"count":103,"href":"https:\/\/picabol.com\/index.php?rest_route=\/wp\/v2\/pages\/4280\/revisions"}],"predecessor-version":[{"id":9115,"href":"https:\/\/picabol.com\/index.php?rest_route=\/wp\/v2\/pages\/4280\/revisions\/9115"}],"wp:attachment":[{"href":"https:\/\/picabol.com\/index.php?rest_route=%2Fwp%2Fv2%2Fmedia&parent=4280"}],"curies":[{"name":"wp","href":"https:\/\/api.w.org\/{rel}","templated":true}]}}